{"id":6,"date":"2025-01-10T13:05:49","date_gmt":"2025-01-10T13:05:49","guid":{"rendered":"https:\/\/fethiyedalis.com\/index.php\/about\/"},"modified":"2025-01-12T22:12:23","modified_gmt":"2025-01-12T22:12:23","slug":"fethiye-tuplu-dalis-secenekleri","status":"publish","type":"page","link":"https:\/\/fethiyedalis.com\/de\/fethiye-tuplu-dalis-secenekleri\/","title":{"rendered":"Fethiye T\u00fcpl\u00fc dal\u0131\u015f se\u00e7enekleri"},"content":{"rendered":"<div class=\"wp-block-uagb-container uagb-block-25efe059 alignfull uagb-is-root-container\"><div class=\"uagb-container-inner-blocks-wrap\">\n<div class=\"wp-block-uagb-advanced-heading uagb-block-152b2cf8\"><h1 class=\"uagb-heading-text\">Fethiye Tauchm\u00f6glichkeiten<\/h1><\/div>\n<\/div><\/div>\n\n\n\n<div class=\"wp-block-uagb-info-box uagb-block-c5d4b466 uagb-infobox__content-wrap  uagb-infobox-icon-above-title uagb-infobox-image-valign-top\"><div class=\"uagb-ifb-content\"><div class=\"uagb-ifb-title-wrap\"><h3 class=\"uagb-ifb-title\">Fethiye Tauchm\u00f6glichkeiten<\/h3><\/div><p class=\"uagb-ifb-desc\">In Fethiye gibt es viele Tauchm\u00f6glichkeiten. Vorteilhafter sind Ganztagestouren. Sie k\u00f6nnen \u00fcber l\u00e4ngere Zeitr\u00e4ume tauchen. Dar\u00fcber hinaus sind sie im Hinblick auf die gebotene Ausstattung wirtschaftlicher. Wenn Sie jedoch keine Zeit haben, k\u00f6nnen Sie unsere halbt\u00e4gigen Tauchprogramme in \u00d6l\u00fcdeniz ausprobieren. Sie sammeln Taucherfahrung und haben den Tag f\u00fcr sich. Wir k\u00f6nnen an drei verschiedenen Punkten in \u00d6l\u00fcdeniz tauchen.<\/p><\/div><\/div>\n\n\n\n<div class=\"wp-block-uagb-container uagb-layout-grid uagb-block-c07c1ca2 alignfull uagb-is-root-container\"><div class=\"uagb-container-inner-blocks-wrap\">\n<div class=\"wp-block-uagb-info-box uagb-block-439a912a uagb-infobox__content-wrap  uagb-infobox-icon-above-title uagb-infobox-image-valign-top\"><div class=\"uagb-ifb-content\"><div class=\"uagb-ifb-title-wrap\"><h2 class=\"uagb-ifb-title\">Fethiye Tauchen<\/h2><\/div><div class=\"uagb-ifb-separator\"><\/div><p class=\"uagb-ifb-desc\">+ Sie werden 2 Mal mit einem Tauchlehrer tauchen. <br>+ Es wird ein kostenloses Mittagessen angeboten.<br>+ Die Abholung von Ihrem Hotel ist kostenfrei.<br>+ Abfahrt vom Fethiye Cordon. Getaucht wird in den Buchten von Dalyan und Aquarium.<br>+ Es findet zwischen 09:00 und 17:30 Uhr statt.<br><br><a href=\"https:\/\/fethiyedalis.com\/de\/fethiye-tuplu-dalis\/\">Detaillierte Informationen<\/a><\/p><\/div><\/div>\n\n\n\n<div class=\"wp-block-uagb-image uagb-block-c2362fda wp-block-uagb-image--layout-default wp-block-uagb-image--effect-static wp-block-uagb-image--align-none\"><figure class=\"wp-block-uagb-image__figure\"><img decoding=\"async\" srcset=\"https:\/\/fethiyedalis.com\/wp-content\/uploads\/2025\/01\/fethiye-dalis-oludeniz-dalis-6.jpg ,https:\/\/fethiyedalis.com\/wp-content\/uploads\/2025\/01\/fethiye-dalis-oludeniz-dalis-6.jpg 780w, https:\/\/fethiyedalis.com\/wp-content\/uploads\/2025\/01\/fethiye-dalis-oludeniz-dalis-6.jpg 360w\" sizes=\"auto, (max-width: 480px) 150px\" src=\"https:\/\/fethiyedalis.com\/wp-content\/uploads\/2025\/01\/fethiye-dalis-oludeniz-dalis-6.jpg\" alt=\"fethiye dal\u0131\u015f turu dalyan ve akvaryum koylar\u0131nda yap\u0131l\u0131r\" class=\"uag-image-1317\" width=\"520\" height=\"347\" title=\"Die Fethiye-Tauchtour findet in den Buchten von Dalyan und Aquarium statt\" loading=\"lazy\" role=\"img\"\/><\/figure><\/div>\n<\/div><\/div>\n\n\n\n<div class=\"wp-block-uagb-container uagb-layout-grid uagb-block-1f7ab08c alignfull uagb-is-root-container\"><div class=\"uagb-container-inner-blocks-wrap\">\n<div class=\"wp-block-uagb-info-box uagb-block-644356e4 uagb-infobox__content-wrap  uagb-infobox-icon-above-title uagb-infobox-image-valign-top\"><div class=\"uagb-ifb-content\"><div class=\"uagb-ifb-title-wrap\"><h2 class=\"uagb-ifb-title\">Tauchen in \u00d6l\u00fcdeniz<\/h2><\/div><div class=\"uagb-ifb-separator\"><\/div><p class=\"uagb-ifb-desc\">+ Du wirst einmal mit einem Tauchlehrer tauchen. <br>+ Das Programm endet in 2 Stunden<br>+ Es stehen verschiedene Tauchgebiete zur Auswahl.<br>+ Nach der Tour k\u00f6nnen Sie an verschiedenen Aktivit\u00e4ten teilnehmen.<br><br><a href=\"https:\/\/fethiyedalis.com\/de\/oludeniz-tuplu-dalis\/\">Detaillierte Informationen<\/a><\/p><\/div><\/div>\n\n\n\n<div class=\"wp-block-uagb-image uagb-block-7c89454e wp-block-uagb-image--layout-default wp-block-uagb-image--effect-static wp-block-uagb-image--align-none\"><figure class=\"wp-block-uagb-image__figure\"><img decoding=\"async\" srcset=\"https:\/\/fethiyedalis.com\/wp-content\/uploads\/2025\/01\/fethiye-dalis-oludeniz-dalis-5.jpg ,https:\/\/fethiyedalis.com\/wp-content\/uploads\/2025\/01\/fethiye-dalis-oludeniz-dalis-5.jpg 780w, https:\/\/fethiyedalis.com\/wp-content\/uploads\/2025\/01\/fethiye-dalis-oludeniz-dalis-5.jpg 360w\" sizes=\"auto, (max-width: 480px) 150px\" src=\"https:\/\/fethiyedalis.com\/wp-content\/uploads\/2025\/01\/fethiye-dalis-oludeniz-dalis-5.jpg\" alt=\"\u00f6l\u00fcdeniz dal\u0131\u015f yar\u0131m g\u00fcnl\u00fck tek dal\u0131\u015fl\u0131\" class=\"uag-image-1316\" width=\"520\" height=\"347\" title=\"Halbt\u00e4giges Tauchen in \u00d6l\u00fcdeniz, einzelner Tauchgang\" loading=\"lazy\" role=\"img\"\/><\/figure><\/div>\n<\/div><\/div>\n\n\n\n<div class=\"wp-block-uagb-advanced-heading uagb-block-d5c6616c\"><h3 class=\"uagb-heading-text\">Unterschiede zwischen Sporttauchen<\/h3><\/div>\n\n\n\n<div class=\"wp-block-uagb-container uagb-block-ada1b635 alignfull uagb-is-root-container\"><div class=\"uagb-container-inner-blocks-wrap\">\n<div class=\"wp-block-uagb-container uagb-block-03a254f1\">\n<div class=\"wp-block-uagb-advanced-heading uagb-block-f897f70d\"><h4 class=\"uagb-heading-text\">Fethiye Tauchtour<\/h4><div class=\"uagb-separator\"><\/div><p class=\"uagb-desc-text\">Vollzeit<\/p><\/div>\n\n\n\n<div class=\"wp-block-uagb-icon-list uagb-block-300b72ce\"><div class=\"uagb-icon-list__wrap\">\n<div class=\"wp-block-uagb-icon-list-child uagb-block-d455880d\"><a target=\"_self\" aria-label=\"2 Tauchg\u00e4nge\" rel=\"noopener noreferrer\" href=\"#\"> <\/a><span class=\"uagb-icon-list__source-wrap\"><svg xmlns=\"https:\/\/www.w3.org\/2000\/svg\" viewbox=\"0 0 448 512\"><path d=\"M400 288h-352c-17.69 0-32-14.32-32-32.01s14.31-31.99 32-31.99h352c17.69 0 32 14.3 32 31.99S417.7 288 400 288z\"><\/path><\/svg><\/span><span class=\"uagb-icon-list__label\">2 Tauchg\u00e4nge<\/span><\/div>\n\n\n\n<div class=\"wp-block-uagb-icon-list-child uagb-block-ded7d9ca\"><a target=\"_self\" aria-label=\"Mit Mittagessen\" rel=\"noopener noreferrer\" href=\"#\"> <\/a><span class=\"uagb-icon-list__source-wrap\"><svg xmlns=\"https:\/\/www.w3.org\/2000\/svg\" viewbox=\"0 0 448 512\"><path d=\"M400 288h-352c-17.69 0-32-14.32-32-32.01s14.31-31.99 32-31.99h352c17.69 0 32 14.3 32 31.99S417.7 288 400 288z\"><\/path><\/svg><\/span><span class=\"uagb-icon-list__label\">Mit Mittagessen<\/span><\/div>\n\n\n\n<div class=\"wp-block-uagb-icon-list-child uagb-block-381a9445\"><a target=\"_self\" aria-label=\"Hotelservice verf\u00fcgbar\" rel=\"noopener noreferrer\" href=\"#\"> <\/a><span class=\"uagb-icon-list__source-wrap\"><svg xmlns=\"https:\/\/www.w3.org\/2000\/svg\" viewbox=\"0 0 448 512\"><path d=\"M400 288h-352c-17.69 0-32-14.32-32-32.01s14.31-31.99 32-31.99h352c17.69 0 32 14.3 32 31.99S417.7 288 400 288z\"><\/path><\/svg><\/span><span class=\"uagb-icon-list__label\">Hotelservice verf\u00fcgbar<\/span><\/div>\n\n\n\n<div class=\"wp-block-uagb-icon-list-child uagb-block-7cb7a8b1\"><a target=\"_self\" aria-label=\"2.250 TL\" rel=\"noopener noreferrer\" href=\"#\"> <\/a><span class=\"uagb-icon-list__source-wrap\"><svg xmlns=\"https:\/\/www.w3.org\/2000\/svg\" viewbox=\"0 0 448 512\"><path d=\"M400 288h-352c-17.69 0-32-14.32-32-32.01s14.31-31.99 32-31.99h352c17.69 0 32 14.3 32 31.99S417.7 288 400 288z\"><\/path><\/svg><\/span><span class=\"uagb-icon-list__label\">2.250 TL<\/span><\/div>\n<\/div><\/div>\n<\/div>\n\n\n\n<div class=\"wp-block-uagb-container uagb-block-5d2ed058\">\n<div class=\"wp-block-uagb-advanced-heading uagb-block-5a8510b2\"><h4 class=\"uagb-heading-text\">\u00d6l\u00fcdeniz-Tauchtour<\/h4><div class=\"uagb-separator\"><\/div><\/div>\n\n\n\n<div class=\"wp-block-uagb-icon-list uagb-block-e7364445\"><div class=\"uagb-icon-list__wrap\">\n<div class=\"wp-block-uagb-icon-list-child uagb-block-63f15ad6\"><a target=\"_self\" aria-label=\"1 Mal Tauchen\" rel=\"noopener noreferrer\" href=\"#\"> <\/a><span class=\"uagb-icon-list__source-wrap\"><svg xmlns=\"https:\/\/www.w3.org\/2000\/svg\" viewbox=\"0 0 448 512\"><path d=\"M400 288h-352c-17.69 0-32-14.32-32-32.01s14.31-31.99 32-31.99h352c17.69 0 32 14.3 32 31.99S417.7 288 400 288z\"><\/path><\/svg><\/span><span class=\"uagb-icon-list__label\">1 Mal Tauchen<\/span><\/div>\n\n\n\n<div class=\"wp-block-uagb-icon-list-child uagb-block-eb17f875\"><a target=\"_self\" aria-label=\"3 verschiedene Tauchplatzoptionen\" rel=\"noopener noreferrer\" href=\"#\"> <\/a><span class=\"uagb-icon-list__source-wrap\"><svg xmlns=\"https:\/\/www.w3.org\/2000\/svg\" viewbox=\"0 0 448 512\"><path d=\"M400 288h-352c-17.69 0-32-14.32-32-32.01s14.31-31.99 32-31.99h352c17.69 0 32 14.3 32 31.99S417.7 288 400 288z\"><\/path><\/svg><\/span><span class=\"uagb-icon-list__label\">3 verschiedene Tauchplatzoptionen<\/span><\/div>\n\n\n\n<div class=\"wp-block-uagb-icon-list-child uagb-block-c56e8a82\"><a target=\"_self\" aria-label=\"Teilnahme jederzeit m\u00f6glich\" rel=\"noopener noreferrer\" href=\"#\"> <\/a><span class=\"uagb-icon-list__source-wrap\"><svg xmlns=\"https:\/\/www.w3.org\/2000\/svg\" viewbox=\"0 0 448 512\"><path d=\"M400 288h-352c-17.69 0-32-14.32-32-32.01s14.31-31.99 32-31.99h352c17.69 0 32 14.3 32 31.99S417.7 288 400 288z\"><\/path><\/svg><\/span><span class=\"uagb-icon-list__label\">Teilnahme jederzeit m\u00f6glich<\/span><\/div>\n\n\n\n<div class=\"wp-block-uagb-icon-list-child uagb-block-5b16b779\"><a target=\"_self\" aria-label=\"2.000 TL\" rel=\"noopener noreferrer\" href=\"#\"> <\/a><span class=\"uagb-icon-list__source-wrap\"><svg xmlns=\"https:\/\/www.w3.org\/2000\/svg\" viewbox=\"0 0 448 512\"><path d=\"M400 288h-352c-17.69 0-32-14.32-32-32.01s14.31-31.99 32-31.99h352c17.69 0 32 14.3 32 31.99S417.7 288 400 288z\"><\/path><\/svg><\/span><span class=\"uagb-icon-list__label\"><a href=\"#\"><\/a>2.000 TL<\/span><\/div>\n<\/div><\/div>\n<\/div>\n<\/div><\/div>","protected":false},"excerpt":{"rendered":"<p>Fethiye T\u00fcpl\u00fc Dal\u0131\u015f Se\u00e7enekleri T\u00fcpl\u00fc Dal\u0131\u015f Aras\u0131ndaki Farklar Fethiye T\u00fcpl\u00fc Dal\u0131\u015f Turu Tam g\u00fcn \u00d6l\u00fcdeniz T\u00fcpl\u00fc Dal\u0131\u015f Turu<\/p>","protected":false},"author":1,"featured_media":1317,"parent":0,"menu_order":0,"comment_status":"closed","ping_status":"closed","template":"","meta":{"_uag_custom_page_level_css":"","site-sidebar-layout":"no-sidebar","site-content-layout":"plain-container","ast-site-content-layout":"full-width-container","site-content-style":"unboxed","site-sidebar-style":"unboxed","ast-global-header-display":"","ast-banner-title-visibility":"","ast-main-header-display":"","ast-hfb-above-header-display":"","ast-hfb-below-header-display":"","ast-hfb-mobile-header-display":"","site-post-title":"disabled","ast-breadcrumbs-content":"","ast-featured-img":"disabled","footer-sml-layout":"","theme-transparent-header-meta":"enabled","adv-header-id-meta":"","stick-header-meta":"","header-above-stick-meta":"","header-main-stick-meta":"","header-below-stick-meta":"","astra-migrate-meta-layouts":"set","ast-page-background-enabled":"default","ast-page-background-meta":{"desktop":{"background-color":"","background-image":"","background-repeat":"repeat","background-position":"center center","background-size":"auto","background-attachment":"scroll","background-type":"","background-media":"","overlay-type":"","overlay-color":"","overlay-opacity":"","overlay-gradient":""},"tablet":{"background-color":"","background-image":"","background-repeat":"repeat","background-position":"center center","background-size":"auto","background-attachment":"scroll","background-type":"","background-media":"","overlay-type":"","overlay-color":"","overlay-opacity":"","overlay-gradient":""},"mobile":{"background-color":"","background-image":"","background-repeat":"repeat","background-position":"center center","background-size":"auto","background-attachment":"scroll","background-type":"","background-media":"","overlay-type":"","overlay-color":"","overlay-opacity":"","overlay-gradient":""}},"ast-content-background-meta":{"desktop":{"background-color":"var(--ast-global-color-5)","background-image":"","background-repeat":"repeat","background-position":"center center","background-size":"auto","background-attachment":"scroll","background-type":"","background-media":"","overlay-type":"","overlay-color":"","overlay-opacity":"","overlay-gradient":""},"tablet":{"background-color":"var(--ast-global-color-5)","background-image":"","background-repeat":"repeat","background-position":"center center","background-size":"auto","background-attachment":"scroll","background-type":"","background-media":"","overlay-type":"","overlay-color":"","overlay-opacity":"","overlay-gradient":""},"mobile":{"background-color":"var(--ast-global-color-5)","background-image":"","background-repeat":"repeat","background-position":"center center","background-size":"auto","background-attachment":"scroll","background-type":"","background-media":"","overlay-type":"","overlay-color":"","overlay-opacity":"","overlay-gradient":""}},"footnotes":""},"class_list":["post-6","page","type-page","status-publish","has-post-thumbnail","hentry"],"uagb_featured_image_src":{"full":["https:\/\/fethiyedalis.com\/wp-content\/uploads\/2025\/01\/fethiye-dalis-oludeniz-dalis-6.jpg",1000,562,false],"thumbnail":["https:\/\/fethiyedalis.com\/wp-content\/uploads\/2025\/01\/fethiye-dalis-oludeniz-dalis-6-150x150.jpg",150,150,true],"medium":["https:\/\/fethiyedalis.com\/wp-content\/uploads\/2025\/01\/fethiye-dalis-oludeniz-dalis-6-300x169.jpg",300,169,true],"medium_large":["https:\/\/fethiyedalis.com\/wp-content\/uploads\/2025\/01\/fethiye-dalis-oludeniz-dalis-6-768x432.jpg",768,432,true],"large":["https:\/\/fethiyedalis.com\/wp-content\/uploads\/2025\/01\/fethiye-dalis-oludeniz-dalis-6.jpg",1000,562,false],"1536x1536":["https:\/\/fethiyedalis.com\/wp-content\/uploads\/2025\/01\/fethiye-dalis-oludeniz-dalis-6.jpg",1000,562,false],"2048x2048":["https:\/\/fethiyedalis.com\/wp-content\/uploads\/2025\/01\/fethiye-dalis-oludeniz-dalis-6.jpg",1000,562,false],"trp-custom-language-flag":["https:\/\/fethiyedalis.com\/wp-content\/uploads\/2025\/01\/fethiye-dalis-oludeniz-dalis-6.jpg",18,10,false]},"uagb_author_info":{"display_name":"admin","author_link":"https:\/\/fethiyedalis.com\/de\/author\/keremalkan_4izhn2mm\/"},"uagb_comment_info":0,"uagb_excerpt":"Fethiye T\u00fcpl\u00fc Dal\u0131\u015f Se\u00e7enekleri T\u00fcpl\u00fc Dal\u0131\u015f Aras\u0131ndaki Farklar Fethiye T\u00fcpl\u00fc Dal\u0131\u015f Turu Tam g\u00fcn \u00d6l\u00fcdeniz T\u00fcpl\u00fc Dal\u0131\u015f Turu","_links":{"self":[{"href":"https:\/\/fethiyedalis.com\/de\/wp-json\/wp\/v2\/pages\/6","targetHints":{"allow":["GET"]}}],"collection":[{"href":"https:\/\/fethiyedalis.com\/de\/wp-json\/wp\/v2\/pages"}],"about":[{"href":"https:\/\/fethiyedalis.com\/de\/wp-json\/wp\/v2\/types\/page"}],"author":[{"embeddable":true,"href":"https:\/\/fethiyedalis.com\/de\/wp-json\/wp\/v2\/users\/1"}],"replies":[{"embeddable":true,"href":"https:\/\/fethiyedalis.com\/de\/wp-json\/wp\/v2\/comments?post=6"}],"version-history":[{"count":5,"href":"https:\/\/fethiyedalis.com\/de\/wp-json\/wp\/v2\/pages\/6\/revisions"}],"predecessor-version":[{"id":1438,"href":"https:\/\/fethiyedalis.com\/de\/wp-json\/wp\/v2\/pages\/6\/revisions\/1438"}],"wp:featuredmedia":[{"embeddable":true,"href":"https:\/\/fethiyedalis.com\/de\/wp-json\/wp\/v2\/media\/1317"}],"wp:attachment":[{"href":"https:\/\/fethiyedalis.com\/de\/wp-json\/wp\/v2\/media?parent=6"}],"curies":[{"name":"wp","href":"https:\/\/api.w.org\/{rel}","templated":true}]}}